{"id":19659,"date":"2021-09-16T11:19:03","date_gmt":"2021-09-16T09:19:03","guid":{"rendered":"https:\/\/8b59cb99d94061e91f30334567d60256\/?page_id=19659"},"modified":"2022-09-24T22:22:53","modified_gmt":"2022-09-24T20:22:53","slug":"other-key-stakeholders","status":"publish","type":"page","link":"https:\/\/svenskelitfotboll.se\/en\/other-key-stakeholders\/","title":{"rendered":"Other key stakeholders"},"content":{"rendered":"\n<figure class=\"wp-block-image size-full is-resized\"><img loading=\"lazy\" decoding=\"async\" src=\"https:\/\/svenskelitfotboll.se\/wp-content\/uploads\/2021\/09\/svff.jpg\" alt=\"\" class=\"wp-image-19660\" width=\"53\" height=\"85\"\/><\/figure>\n\n\n\n<p>The Swedish Football Association (SvFF) is the national governing body for football in Sweden. SvFF was founded 18 December 1904 and is the largest national sports federation in Sweden.&nbsp;In 2020, 2 865&nbsp;clubs were members of SvFF, with a grand total of approx. one million members, of which about&nbsp;600,000&nbsp;were active players. Together, these numbers account for a third of all activities of the entire Swedish sports movement.<\/p>\n\n\n\n<p>The task of SvFF is to promote and administer football domestically, as well as representing it internationally. The association is committed to work for a football that is free from doping or any kind of cheating.&nbsp;SvFF is also the main organiser of the Swedish Cup, where the 32 clubs of&nbsp;the&nbsp;<strong>Swedish Professional Football Leagues<\/strong>&nbsp;participate every year.<\/p>\n\n\n\n<p>SvFF is formally affiliated to the Swedish Sports Confederation (Riksidrottsf\u00f6rbundet, RF) and is a founding member of both the international football governing body (F\u00e9d\u00e9ration Internationale de Football Association, FIFA) as well as the European football governing body (Union des Europ\u00e9ennes de Football, UEFA). SVFF is committed to follow the statutes and regulations of the abovementioned organisations.<\/p>\n\n\n\n<p>The overall goal of SvFF is for the national sport of football to remain the largest and leading sport in Sweden. SvFF will strive to keep the elite and the grassroots together and to guarantee sound finances. The aim is for the men\u2019s national team to qualify for major international tournaments, and for the women&#8217;s national team the aim is to win medals in international competitions.<\/p>\n\n\n\n<p>SvFF should continue to be active and work proactively within FIFA, UEFA and RF. Clubs should be well-run and operate with even more players and strive to continuously develop and trained coaches and leaders involved in the game. The organisation of SvFF needs to reflect the diversity of society. The objective of SvFF is to increase participation through new forms of competitions and to launch initiatives to increase interest from the general public. Grassroots football needs to be accessible and available for everyone, regardless of nationality, age, gender, or sexual orientation as well as physical or mental conditions, and should remain a positive, health-promoting, and fulfilling leisure environment. SvFF will also work to implement organised football within the framework of the regular school day at both primary and secondary school levels. Football should be the biggest spectator sport with an aim to steadily increase the number of spectators and TV viewers.<\/p>\n\n\n\n<p>The motto of SvFF is: &#8220;Everyone is different &#8211; Different is good&#8221;&nbsp;<\/p>\n\n\n\n<figure class=\"wp-block-image size-full is-resized\"><img loading=\"lazy\" decoding=\"async\" src=\"https:\/\/svenskelitfotboll.se\/wp-content\/uploads\/2021\/09\/Unknown-6-150x150-1.png\" alt=\"\" class=\"wp-image-19662\" width=\"83\" height=\"83\" srcset=\"https:\/\/svenskelitfotboll.se\/wp-content\/uploads\/2021\/09\/Unknown-6-150x150-1.png 150w, https:\/\/svenskelitfotboll.se\/wp-content\/uploads\/2021\/09\/Unknown-6-150x150-1-75x74.png 75w\" sizes=\"auto, (max-width: 83px) 100vw, 83px\" \/><\/figure>\n\n\n\n<p>The European football governing body (Union des Europ\u00e9ennes de Football, UEFA) is the administrative body for football in Europe and a well-known competition organiser, responsible for the event organisation and the regulations of international club competitions and national team competitions in Europe. Every four years, UEFA organises the UEFA European Championships for its national associations, the members of the European confederation.<\/p>\n\n\n\n<p>However, UEFA is mainly known for its European club competitions, the UEFA Champions League, UEFA Europa League&nbsp;and since the season 2021\/22 also the UEFA Conference League. Allsvenskan is currently ranked in&nbsp;20th place&nbsp;in the UEFA country coefficient ranking. In practice, the ranking means that Allsvenskan currently has one club qualified for the UEFA Champions League&nbsp;first qualifying round, and three more in the qualifiers for&nbsp;the UEFA Europa Conference League each season in the current cycle.On the top decision-making level, the&nbsp;<strong>Swedish Professional Football Leagues&nbsp;<\/strong>are represented on the UEFA Executive Committee by an appointed representative from the European Leagues.&nbsp;<\/p>\n\n\n\n<figure class=\"wp-block-image size-full\"><img loading=\"lazy\" decoding=\"async\" width=\"103\" height=\"46\" src=\"https:\/\/svenskelitfotboll.se\/wp-content\/uploads\/2021\/09\/fifa.png\" alt=\"\" class=\"wp-image-19664\"\/><\/figure>\n\n\n\n<p>The International Federation of Association Football (F\u00e9d\u00e9ration Internationale de Football Association, FIFA) is a non-profit organisation and acts as the international governing body of football and is mostly known for organising the FIFA World Cup every four years. FIFA has a great responsibility for the regulations and the governance of football, as well as the promotion and development of football at an international level.<\/p>\n\n\n\n<p>All organised football being played at any official level must comply with the laws of the game, as established by FIFA. This includes everything from the offside rule to international discussions, or whether technical tools such as hawk-eye or VAR should be introduced, as this is ultimately decided by this international football governing body with its headquarters in Z\u00fcrich.<\/p>\n\n\n\n<p>The rules of the game of football are decided and controlled by the International Football Association Board (IFAB), through an annual review. IFAB consists of four representatives from FIFA and one representative from each of the four national associations from the United Kingdom: the English FA, the Scottish FA, The Welsh FA and the Northern Irish FA.<\/p>\n\n\n\n<p>FIFA is also in charge of establishing and regulating the international match calendar (IMC), which is determined in close collaboration with the six confederations, with UEFA acting at European level setting the calendar for the European club competitions. The international windows in the IMC always take precedence over any domestic league football. This means that FIFA, and ultimately also UEFA, ensures the highest priority in the calendar for the international windows with the national team competitions such as the FIFA World Cup and the UEFA European Championships, and international club competitions such as the UEFA Champions League, the UEFA Europa League,&nbsp;and the UEFA Europa Conference League. When the calendar for these international competitions have been established, the domestic competitions, such as Allsvenskan and the Swedish Cup, can be scheduled and confirmed.<\/p>\n\n\n\n<figure class=\"wp-block-image size-full is-resized\"><img loading=\"lazy\" decoding=\"async\" src=\"https:\/\/svenskelitfotboll.se\/wp-content\/uploads\/2021\/09\/el.png\" alt=\"\" class=\"wp-image-19666\" width=\"97\" height=\"97\" srcset=\"https:\/\/svenskelitfotboll.se\/wp-content\/uploads\/2021\/09\/el.png 150w, https:\/\/svenskelitfotboll.se\/wp-content\/uploads\/2021\/09\/el-75x74.png 75w\" sizes=\"auto, (max-width: 97px) 100vw, 97px\" \/><\/figure>\n\n\n\n<p>The Association of European Professional Football Leagues (European Leagues) is the voice of Professional Football Leagues across Europe on all matters of common interest. European Leagues is based in Nyon, Switzerland and has managed to grow strongly and develop, first under the previous name European Professional Football Leagues (EPFL). However, the organisation was formed back in 2005 from its predecessor EUPPFL (Association of European Union Premier Professional Football Leagues). The European Leagues is an umbrella organisation for its members &#8211; 37 football leagues within the UEFA territory, including Allsvenskan and Superettan. Among many other things, European Leagues is representing its members at UEFA and FIFA levels on a number of important issues.<\/p>\n\n\n\n<p>Lars-Christer Olsson, the former chair of&nbsp;the&nbsp;<strong>Swedish Professional Football Leagues<\/strong>, was also chair of the European Leagues until Spring 2021. From 2021 Mats Enquist, CEO of <strong>Swedish Professional Football Leagues<\/strong> is a member of the board of European Leauges.<\/p>\n\n\n\n<p>European Leagues strives for cooperation, good relations, and unity between its members, and for the European Leagues to gathering the leagues and speak on their behalf in the discussions with the football governing bodies, government authorities and other key stakeholders, with the clear aim to develop football in a positive way.<\/p>\n\n\n\n<p>European Leagues wants to highlight political, social, cultural, economic, and educational dimensions in football to create a positive development on and off the pitch.<\/p>\n\n\n\n<p>European Leagues aims to be a strong united voice for football leagues in Europe.<\/p>\n\n\n\n<figure class=\"wp-block-image size-full is-resized\"><img loading=\"lazy\" decoding=\"async\" src=\"https:\/\/svenskelitfotboll.se\/wp-content\/uploads\/2021\/09\/eca.jpg\" alt=\"\" class=\"wp-image-19668\" width=\"62\" height=\"86\"\/><\/figure>\n\n\n\n<p>European Club Association (ECA) was established in 2008 after the merge of the G14 and the European Club Forum. ECA represents professional football clubs from all 55 UEFA National Associations and represents the clubs in discussions with key stakeholders and governing bodies such as UEFA and FIFA.<\/p>\n\n\n\n<figure class=\"wp-block-image size-full is-resized\"><img loading=\"lazy\" decoding=\"async\" src=\"https:\/\/svenskelitfotboll.se\/wp-content\/uploads\/2021\/09\/Unknown1.jpg\" alt=\"\" class=\"wp-image-19670\" width=\"104\" height=\"81\"\/><\/figure>\n\n\n\n<p>The World Leagues Forum is an umbrella organisation gathering 32 professional football leagues from all over the world, of which the&nbsp;<strong>Swedish Professional Football Leagues<\/strong>, with Allsvenskan and Superettan, are members. The purpose of the World Leagues Forum is to improve governing structures in the world of football, to address the current issues and existing challenges, and to facilitate and encourage further exchange between the member leagues.<\/p>\n\n\n\n<figure class=\"wp-block-image size-full is-resized\"><img loading=\"lazy\" decoding=\"async\" src=\"https:\/\/svenskelitfotboll.se\/wp-content\/uploads\/2021\/09\/ESSMA_logo_blue-300x170-1.jpg\" alt=\"\" class=\"wp-image-19672\" width=\"109\" height=\"62\" srcset=\"https:\/\/svenskelitfotboll.se\/wp-content\/uploads\/2021\/09\/ESSMA_logo_blue-300x170-1.jpg 300w, https:\/\/svenskelitfotboll.se\/wp-content\/uploads\/2021\/09\/ESSMA_logo_blue-300x170-1-297x170.jpg 297w\" sizes=\"auto, (max-width: 109px) 100vw, 109px\" \/><\/figure>\n\n\n\n<p>The European Stadium and Safety Management Association (ESSMA) is a European network focusing on stadium development and safety issues, offering a platform where members can share experiences and discuss together. Among the members there are clubs from all over Europe but also organisations such as European Leagues, the Sports Grounds Safety Authority and The Football Business Academy (FBA). The&nbsp;<strong>Swedish Professional Football Leagues<\/strong>&nbsp;has been members of ESSMA since 2018.<\/p>\n\n\n\n<figure class=\"wp-block-image size-full is-resized\"><img loading=\"lazy\" decoding=\"async\" src=\"https:\/\/svenskelitfotboll.se\/wp-content\/uploads\/2021\/09\/efdn.jpg\" alt=\"\" class=\"wp-image-19686\" width=\"98\" height=\"98\" srcset=\"https:\/\/svenskelitfotboll.se\/wp-content\/uploads\/2021\/09\/efdn.jpg 225w, https:\/\/svenskelitfotboll.se\/wp-content\/uploads\/2021\/09\/efdn-150x150.jpg 150w, https:\/\/svenskelitfotboll.se\/wp-content\/uploads\/2021\/09\/efdn-75x74.jpg 75w\" sizes=\"auto, (max-width: 98px) 100vw, 98px\" \/><\/figure>\n\n\n\n<p>The European Football for Development Network (EFDN) consists of professional football clubs, leagues and FAs who are committed to their communities and social responsibilities and have the passion to cooperate and engage on a European level.<\/p>\n\n\n\n<figure class=\"wp-block-image size-full is-resized\"><img loading=\"lazy\" decoding=\"async\" src=\"https:\/\/svenskelitfotboll.se\/wp-content\/uploads\/2021\/09\/Unknown-2.png\" alt=\"\" class=\"wp-image-19695\" width=\"204\" height=\"54\" srcset=\"https:\/\/svenskelitfotboll.se\/wp-content\/uploads\/2021\/09\/Unknown-2.png 400w, https:\/\/svenskelitfotboll.se\/wp-content\/uploads\/2021\/09\/Unknown-2-300x80.png 300w\" sizes=\"auto, (max-width: 204px) 100vw, 204px\" \/><\/figure>\n\n\n\n<p>International Federation of Professional Footballers, generally referred to as&nbsp;FIFPro, is the worldwide representative organisation for 65,000 professional footballers.<\/p>\n\n\n\n<figure class=\"wp-block-image size-full is-resized\"><img loading=\"lazy\" decoding=\"async\" src=\"https:\/\/svenskelitfotboll.se\/wp-content\/uploads\/2021\/09\/Unknown-3.png\" alt=\"\" class=\"wp-image-19697\" width=\"206\" height=\"46\" srcset=\"https:\/\/svenskelitfotboll.se\/wp-content\/uploads\/2021\/09\/Unknown-3.png 474w, https:\/\/svenskelitfotboll.se\/wp-content\/uploads\/2021\/09\/Unknown-3-300x67.png 300w\" sizes=\"auto, (max-width: 206px) 100vw, 206px\" \/><\/figure>\n\n\n\n<p>The&nbsp;International Football Association Board&nbsp;are the guardians of the Laws of the Game of association football.<\/p>\n\n\n\n<figure class=\"wp-block-image size-full is-resized\"><img loading=\"lazy\" decoding=\"async\" src=\"https:\/\/svenskelitfotboll.se\/wp-content\/uploads\/2021\/09\/spelar-1.jpg\" alt=\"\" class=\"wp-image-19703\" width=\"85\" height=\"85\" srcset=\"https:\/\/svenskelitfotboll.se\/wp-content\/uploads\/2021\/09\/spelar-1.jpg 225w, https:\/\/svenskelitfotboll.se\/wp-content\/uploads\/2021\/09\/spelar-1-150x150.jpg 150w, https:\/\/svenskelitfotboll.se\/wp-content\/uploads\/2021\/09\/spelar-1-75x74.jpg 75w\" sizes=\"auto, (max-width: 85px) 100vw, 85px\" \/><\/figure>\n\n\n\n<p>Swedish Federation of Professional Footballers, generally referred to as&nbsp;Spelarf\u00f6reningen, representative organisation for Swedish professional footballers.<\/p>\n\n\n\n<figure class=\"wp-block-image size-full is-resized\"><img loading=\"lazy\" decoding=\"async\" src=\"https:\/\/svenskelitfotboll.se\/wp-content\/uploads\/2021\/09\/Unknown-1.jpg\" alt=\"\" class=\"wp-image-19707\" width=\"74\" height=\"74\" srcset=\"https:\/\/svenskelitfotboll.se\/wp-content\/uploads\/2021\/09\/Unknown-1.jpg 225w, https:\/\/svenskelitfotboll.se\/wp-content\/uploads\/2021\/09\/Unknown-1-150x150.jpg 150w, https:\/\/svenskelitfotboll.se\/wp-content\/uploads\/2021\/09\/Unknown-1-75x74.jpg 75w\" sizes=\"auto, (max-width: 74px) 100vw, 74px\" \/><\/figure>\n\n\n\n<p>Tr\u00e4narf\u00f6reningen representative organisation for Swedish football coaches.<\/p>\n\n\n\n<figure class=\"wp-block-image size-full is-resized\"><img loading=\"lazy\" decoding=\"async\" src=\"https:\/\/svenskelitfotboll.se\/wp-content\/uploads\/2022\/09\/enable.jpeg\" alt=\"\" class=\"wp-image-21525\" width=\"83\" height=\"83\" srcset=\"https:\/\/svenskelitfotboll.se\/wp-content\/uploads\/2022\/09\/enable.jpeg 225w, https:\/\/svenskelitfotboll.se\/wp-content\/uploads\/2022\/09\/enable-150x150.jpeg 150w, https:\/\/svenskelitfotboll.se\/wp-content\/uploads\/2022\/09\/enable-75x74.jpeg 75w\" sizes=\"auto, (max-width: 83px) 100vw, 83px\" \/><\/figure>\n\n\n\n<p>ENABLE Sweden exists to support Swedish elite football and its position as a positive and integrated part of the local community. ENABLE Sweden is an example of the football movement&#8217;s willingness to take responsibility for the football environment and its surroundings.<\/p>\n\n\n\n<figure class=\"wp-block-image size-full is-resized\"><img loading=\"lazy\" decoding=\"async\" src=\"https:\/\/svenskelitfotboll.se\/wp-content\/uploads\/2022\/09\/sfsu.jpeg\" alt=\"\" class=\"wp-image-21528\" width=\"67\" height=\"57\"\/><\/figure>\n\n\n\n<p>SFSU, the Swedish Football Supporters&#8217; Union, is a nationwide organization for Sweden&#8217;s football supporters and aims to represent them in matters relating to Swedish football and Swedish supporter culture.<\/p>\n","protected":false},"excerpt":{"rendered":"<p>The Swedish Football Association (SvFF) is the national governing body for football in Sweden. SvFF was founded 18 December 1904 and is the largest national sports federation in Sweden.&nbsp;In 2020, 2 865&nbsp;clubs were members of SvFF, with a grand total of approx. one million members, of which about&nbsp;600,000&nbsp;were active players. Together, these numbers account for [&hellip;]<\/p>\n","protected":false},"author":4,"featured_media":0,"parent":0,"menu_order":0,"comment_status":"closed","ping_status":"closed","template":"","meta":{"_acf_changed":false,"footnotes":""},"class_list":["post-19659","page","type-page","status-publish","hentry"],"acf":[],"yoast_head":"<!-- This site is optimized with the Yoast SEO plugin v27.1.1 - https:\/\/yoast.com\/product\/yoast-seo-wordpress\/ -->\n<title>Other key stakeholders - F\u00f6reningen Svensk Elitfotboll<\/title>\n<meta name=\"robots\" content=\"index, follow, max-snippet:-1, max-image-preview:large, max-video-preview:-1\" \/>\n<link rel=\"canonical\" href=\"https:\/\/svenskelitfotboll.se\/en\/other-key-stakeholders\/\" \/>\n<meta property=\"og:locale\" content=\"en_US\" \/>\n<meta property=\"og:type\" content=\"article\" \/>\n<meta property=\"og:title\" content=\"Other key stakeholders - F\u00f6reningen Svensk Elitfotboll\" \/>\n<meta property=\"og:description\" content=\"The Swedish Football Association (SvFF) is the national governing body for football in Sweden. SvFF was founded 18 December 1904 and is the largest national sports federation in Sweden.&nbsp;In 2020, 2 865&nbsp;clubs were members of SvFF, with a grand total of approx. one million members, of which about&nbsp;600,000&nbsp;were active players. Together, these numbers account for [&hellip;]\" \/>\n<meta property=\"og:url\" content=\"https:\/\/svenskelitfotboll.se\/en\/other-key-stakeholders\/\" \/>\n<meta property=\"og:site_name\" content=\"F\u00f6reningen Svensk Elitfotboll\" \/>\n<meta property=\"article:publisher\" content=\"https:\/\/www.facebook.com\/svenskelitfotboll\/\" \/>\n<meta property=\"article:modified_time\" content=\"2022-09-24T20:22:53+00:00\" \/>\n<meta property=\"og:image\" content=\"https:\/\/svenskelitfotboll.se\/wp-content\/uploads\/2021\/09\/svff.jpg\" \/>\n<meta name=\"twitter:card\" content=\"summary_large_image\" \/>\n<meta name=\"twitter:site\" content=\"@SEF_Elitfotboll\" \/>\n<script type=\"application\/ld+json\" class=\"yoast-schema-graph\">{\"@context\":\"https:\/\/schema.org\",\"@graph\":[{\"@type\":\"WebPage\",\"@id\":\"https:\/\/svenskelitfotboll.se\/en\/other-key-stakeholders\/\",\"url\":\"https:\/\/svenskelitfotboll.se\/en\/other-key-stakeholders\/\",\"name\":\"Other key stakeholders - F\u00f6reningen Svensk Elitfotboll\",\"isPartOf\":{\"@id\":\"https:\/\/svenskelitfotboll.se\/#website\"},\"primaryImageOfPage\":{\"@id\":\"https:\/\/svenskelitfotboll.se\/en\/other-key-stakeholders\/#primaryimage\"},\"image\":{\"@id\":\"https:\/\/svenskelitfotboll.se\/en\/other-key-stakeholders\/#primaryimage\"},\"thumbnailUrl\":\"https:\/\/svenskelitfotboll.se\/wp-content\/uploads\/2021\/09\/svff.jpg\",\"datePublished\":\"2021-09-16T09:19:03+00:00\",\"dateModified\":\"2022-09-24T20:22:53+00:00\",\"inLanguage\":\"en-US\",\"potentialAction\":[{\"@type\":\"ReadAction\",\"target\":[\"https:\/\/svenskelitfotboll.se\/en\/other-key-stakeholders\/\"]}]},{\"@type\":\"ImageObject\",\"inLanguage\":\"en-US\",\"@id\":\"https:\/\/svenskelitfotboll.se\/en\/other-key-stakeholders\/#primaryimage\",\"url\":\"https:\/\/svenskelitfotboll.se\/wp-content\/uploads\/2021\/09\/svff.jpg\",\"contentUrl\":\"https:\/\/svenskelitfotboll.se\/wp-content\/uploads\/2021\/09\/svff.jpg\"},{\"@type\":\"WebSite\",\"@id\":\"https:\/\/svenskelitfotboll.se\/#website\",\"url\":\"https:\/\/svenskelitfotboll.se\/\",\"name\":\"F\u00f6reningen Svensk Elitfotboll\",\"description\":\"Together we develop Swedish elite football\",\"publisher\":{\"@id\":\"https:\/\/svenskelitfotboll.se\/#organization\"},\"potentialAction\":[{\"@type\":\"SearchAction\",\"target\":{\"@type\":\"EntryPoint\",\"urlTemplate\":\"https:\/\/svenskelitfotboll.se\/?s={search_term_string}\"},\"query-input\":{\"@type\":\"PropertyValueSpecification\",\"valueRequired\":true,\"valueName\":\"search_term_string\"}}],\"inLanguage\":\"en-US\"},{\"@type\":\"Organization\",\"@id\":\"https:\/\/svenskelitfotboll.se\/#organization\",\"name\":\"Svensk Elitfotboll\",\"url\":\"https:\/\/svenskelitfotboll.se\/\",\"logo\":{\"@type\":\"ImageObject\",\"inLanguage\":\"en-US\",\"@id\":\"https:\/\/svenskelitfotboll.se\/#\/schema\/logo\/image\/\",\"url\":\"https:\/\/svenskelitfotboll.se\/wp-content\/uploads\/2024\/03\/sef-696x696-1.png\",\"contentUrl\":\"https:\/\/svenskelitfotboll.se\/wp-content\/uploads\/2024\/03\/sef-696x696-1.png\",\"width\":696,\"height\":696,\"caption\":\"Svensk Elitfotboll\"},\"image\":{\"@id\":\"https:\/\/svenskelitfotboll.se\/#\/schema\/logo\/image\/\"},\"sameAs\":[\"https:\/\/www.facebook.com\/svenskelitfotboll\/\",\"https:\/\/x.com\/SEF_Elitfotboll\"]}]}<\/script>\n<!-- \/ Yoast SEO plugin. -->","yoast_head_json":{"title":"Other key stakeholders - F\u00f6reningen Svensk Elitfotboll","robots":{"index":"index","follow":"follow","max-snippet":"max-snippet:-1","max-image-preview":"max-image-preview:large","max-video-preview":"max-video-preview:-1"},"canonical":"https:\/\/svenskelitfotboll.se\/en\/other-key-stakeholders\/","og_locale":"en_US","og_type":"article","og_title":"Other key stakeholders - F\u00f6reningen Svensk Elitfotboll","og_description":"The Swedish Football Association (SvFF) is the national governing body for football in Sweden. SvFF was founded 18 December 1904 and is the largest national sports federation in Sweden.&nbsp;In 2020, 2 865&nbsp;clubs were members of SvFF, with a grand total of approx. one million members, of which about&nbsp;600,000&nbsp;were active players. Together, these numbers account for [&hellip;]","og_url":"https:\/\/svenskelitfotboll.se\/en\/other-key-stakeholders\/","og_site_name":"F\u00f6reningen Svensk Elitfotboll","article_publisher":"https:\/\/www.facebook.com\/svenskelitfotboll\/","article_modified_time":"2022-09-24T20:22:53+00:00","og_image":[{"url":"https:\/\/svenskelitfotboll.se\/wp-content\/uploads\/2021\/09\/svff.jpg","type":"","width":"","height":""}],"twitter_card":"summary_large_image","twitter_site":"@SEF_Elitfotboll","schema":{"@context":"https:\/\/schema.org","@graph":[{"@type":"WebPage","@id":"https:\/\/svenskelitfotboll.se\/en\/other-key-stakeholders\/","url":"https:\/\/svenskelitfotboll.se\/en\/other-key-stakeholders\/","name":"Other key stakeholders - F\u00f6reningen Svensk Elitfotboll","isPartOf":{"@id":"https:\/\/svenskelitfotboll.se\/#website"},"primaryImageOfPage":{"@id":"https:\/\/svenskelitfotboll.se\/en\/other-key-stakeholders\/#primaryimage"},"image":{"@id":"https:\/\/svenskelitfotboll.se\/en\/other-key-stakeholders\/#primaryimage"},"thumbnailUrl":"https:\/\/svenskelitfotboll.se\/wp-content\/uploads\/2021\/09\/svff.jpg","datePublished":"2021-09-16T09:19:03+00:00","dateModified":"2022-09-24T20:22:53+00:00","inLanguage":"en-US","potentialAction":[{"@type":"ReadAction","target":["https:\/\/svenskelitfotboll.se\/en\/other-key-stakeholders\/"]}]},{"@type":"ImageObject","inLanguage":"en-US","@id":"https:\/\/svenskelitfotboll.se\/en\/other-key-stakeholders\/#primaryimage","url":"https:\/\/svenskelitfotboll.se\/wp-content\/uploads\/2021\/09\/svff.jpg","contentUrl":"https:\/\/svenskelitfotboll.se\/wp-content\/uploads\/2021\/09\/svff.jpg"},{"@type":"WebSite","@id":"https:\/\/svenskelitfotboll.se\/#website","url":"https:\/\/svenskelitfotboll.se\/","name":"F\u00f6reningen Svensk Elitfotboll","description":"Together we develop Swedish elite football","publisher":{"@id":"https:\/\/svenskelitfotboll.se\/#organization"},"potentialAction":[{"@type":"SearchAction","target":{"@type":"EntryPoint","urlTemplate":"https:\/\/svenskelitfotboll.se\/?s={search_term_string}"},"query-input":{"@type":"PropertyValueSpecification","valueRequired":true,"valueName":"search_term_string"}}],"inLanguage":"en-US"},{"@type":"Organization","@id":"https:\/\/svenskelitfotboll.se\/#organization","name":"Svensk Elitfotboll","url":"https:\/\/svenskelitfotboll.se\/","logo":{"@type":"ImageObject","inLanguage":"en-US","@id":"https:\/\/svenskelitfotboll.se\/#\/schema\/logo\/image\/","url":"https:\/\/svenskelitfotboll.se\/wp-content\/uploads\/2024\/03\/sef-696x696-1.png","contentUrl":"https:\/\/svenskelitfotboll.se\/wp-content\/uploads\/2024\/03\/sef-696x696-1.png","width":696,"height":696,"caption":"Svensk Elitfotboll"},"image":{"@id":"https:\/\/svenskelitfotboll.se\/#\/schema\/logo\/image\/"},"sameAs":["https:\/\/www.facebook.com\/svenskelitfotboll\/","https:\/\/x.com\/SEF_Elitfotboll"]}]}},"publishpress_future_action":{"enabled":false,"date":"2026-04-30 10:34:47","action":"change-status","newStatus":"draft","terms":[],"taxonomy":"translation_priority","extraData":[]},"publishpress_future_workflow_manual_trigger":{"enabledWorkflows":[]},"_links":{"self":[{"href":"https:\/\/svenskelitfotboll.se\/en\/wp-json\/wp\/v2\/pages\/19659","targetHints":{"allow":["GET"]}}],"collection":[{"href":"https:\/\/svenskelitfotboll.se\/en\/wp-json\/wp\/v2\/pages"}],"about":[{"href":"https:\/\/svenskelitfotboll.se\/en\/wp-json\/wp\/v2\/types\/page"}],"author":[{"embeddable":true,"href":"https:\/\/svenskelitfotboll.se\/en\/wp-json\/wp\/v2\/users\/4"}],"replies":[{"embeddable":true,"href":"https:\/\/svenskelitfotboll.se\/en\/wp-json\/wp\/v2\/comments?post=19659"}],"version-history":[{"count":0,"href":"https:\/\/svenskelitfotboll.se\/en\/wp-json\/wp\/v2\/pages\/19659\/revisions"}],"wp:attachment":[{"href":"https:\/\/svenskelitfotboll.se\/en\/wp-json\/wp\/v2\/media?parent=19659"}],"curies":[{"name":"wp","href":"https:\/\/api.w.org\/{rel}","templated":true}]}}